{"id":562,"date":"2025-04-27T04:01:08","date_gmt":"2025-04-27T04:01:08","guid":{"rendered":"https:\/\/dtuniversity.org.ve\/web\/about\/"},"modified":"2025-08-31T19:16:56","modified_gmt":"2025-08-31T19:16:56","slug":"about","status":"publish","type":"page","link":"https:\/\/dtuniversity.org.ve\/web\/about\/","title":{"rendered":"About"},"content":{"rendered":"\n<div class=\"wp-block-uagb-container uagb-layout-flex uagb-block-edf9ad47 alignfull uagb-is-root-container\"><div class=\"uagb-container-inner-blocks-wrap\">\n<div class=\"wp-block-uagb-advanced-heading uagb-block-022836bc\"><p class=\"uagb-desc-text\">Conocimiento<\/p><h1 class=\"uagb-heading-text\">Formaci\u00f3n Teol\u00f3gica para Nuestra Comunidad<\/h1><\/div>\n<\/div><\/div>\n\n\n\n<div class=\"wp-block-uagb-container uagb-layout-grid uagb-block-889b654d alignfull uagb-is-root-container\"><div class=\"uagb-container-inner-blocks-wrap\">\n<div class=\"wp-block-uagb-advanced-heading uagb-block-1f8f3c3f\"><p class=\"uagb-desc-text\">Qui\u00e9nes Somos<\/p><h2 class=\"uagb-heading-text\">Instituci\u00f3n de Liderazgo y Fe Cristiana<\/h2><\/div>\n\n\n\n<div class=\"wp-block-uagb-container uagb-layout-flex uagb-block-63e0ef61\">\n<div class=\"wp-block-uagb-advanced-heading uagb-block-11111ede\"><h3 class=\"uagb-heading-text\">Dayspring Theological University ha impactado positivamente a innumerables estudiantes, ayud\u00e1ndoles a adquirir las habilidades necesarias para el ministerio efectivo y el liderazgo en sus comunidades.<\/h3><p class=\"uagb-desc-text\">Nuestro compromiso es ser un faro de luz en Venezuela, ofreciendo un enfoque integral en estudios b\u00edblicos y liderazgo cristiano. Desde nuestra fundaci\u00f3n, hemos sido la elecci\u00f3n preferida para aquellos que buscan profundizar su comprensi\u00f3n teol\u00f3gica y su aplicaci\u00f3n pr\u00e1ctica.<\/p><\/div>\n\n\n\n<div class=\"wp-block-uagb-container uagb-layout-grid uagb-block-1f2e5329\">\n<div class=\"wp-block-uagb-counter uagb-block-c405ce85 wp-block-uagb-counter--number\"><div class=\"wp-block-uagb-counter__number\"><span class=\"uagb-counter-block-number\" data-duration=\"1.5\" data-to-value=\"40\" data-from-value=\"0\" data-delimiter=\",\"><\/span><\/div><div class=\"wp-block-uagb-counter__title\">A\u00f1os de Experiencia<\/div><\/div>\n\n\n\n<div class=\"wp-block-uagb-counter uagb-block-5d03f64c wp-block-uagb-counter--number\"><div class=\"wp-block-uagb-counter__number\"><span class=\"uagb-counter-block-number\" data-duration=\"1.5\" data-to-value=\"1000\" data-from-value=\"0\" data-delimiter=\",\"><\/span><span class=\"uagb-counter-block-suffix\">+<\/span><\/div><div class=\"wp-block-uagb-counter__title\">Clientes Atendidos<\/div><\/div>\n\n\n\n<div class=\"wp-block-uagb-counter uagb-block-803805b1 wp-block-uagb-counter--number\"><div class=\"wp-block-uagb-counter__number\"><span class=\"uagb-counter-block-number\" data-duration=\"1.5\" data-to-value=\"12\" data-from-value=\"0\" data-delimiter=\",\"><\/span><span class=\"uagb-counter-block-suffix\">K<\/span><\/div><div class=\"wp-block-uagb-counter__title\">Lorem Ipsum<\/div><\/div>\n<\/div>\n<\/div>\n\n\n\n<div class=\"wp-block-uagb-container uagb-block-1f905456\">\n<div class=\"wp-block-uagb-image alignleft uagb-block-5d6e02fa wp-block-uagb-image--layout-default wp-block-uagb-image--effect-static wp-block-uagb-image--align-left\"><figure class=\"wp-block-uagb-image__figure\"><img decoding=\"async\" srcset=\"https:\/\/dtuniversity.org.ve\/web\/wp-content\/uploads\/2025\/05\/Diseno-sin-titulo-3-1024x1024.png ,https:\/\/dtuniversity.org.ve\/web\/wp-content\/uploads\/2025\/05\/Diseno-sin-titulo-3.png 780w, https:\/\/dtuniversity.org.ve\/web\/wp-content\/uploads\/2025\/05\/Diseno-sin-titulo-3.png 360w\" sizes=\"auto, (max-width: 480px) 150px\" src=\"https:\/\/dtuniversity.org.ve\/web\/wp-content\/uploads\/2025\/05\/Diseno-sin-titulo-3-1024x1024.png\" alt=\"\" class=\"uag-image-1021\" width=\"1020\" height=\"400\" title=\"Dise\u00f1o sin t\u00edtulo (3)\" loading=\"lazy\" role=\"img\"\/><\/figure><\/div>\n<\/div>\n<\/div><\/div>\n\n\n\n<div class=\"wp-block-uagb-container uagb-layout-grid uagb-block-ff28d7e0 alignfull uagb-is-root-container\"><div class=\"uagb-container-inner-blocks-wrap\">\n<div class=\"wp-block-uagb-advanced-heading uagb-block-770336da\"><h3 class=\"uagb-heading-text\">Misi\u00f3n Institucional<\/h3><p class=\"uagb-desc-text\">En Dayspring Theological University, nuestra misi\u00f3n es proporcionar una educaci\u00f3n teol\u00f3gica integral que empodere a los estudiantes a convertirse en l\u00edderes espirituales efectivos, equip\u00e1ndolos para servir a sus comunidades con sabidur\u00eda y compasi\u00f3n, y fortaleciendo su fe en el proceso.<\/p><\/div>\n\n\n\n<div class=\"wp-block-uagb-advanced-heading uagb-block-f1a98bc0\"><h3 class=\"uagb-heading-text\">Visi\u00f3n Futuro<\/h3><p class=\"uagb-desc-text\">Nuestra visi\u00f3n es ser una referencia en la formaci\u00f3n teol\u00f3gica en Am\u00e9rica Latina, formando l\u00edderes que impacten positivamente en sus comunidades y promuevan un profundo entendimiento de la fe cristiana, inspirando un movimiento de cambio y esperanza en la regi\u00f3n.<\/p><\/div>\n\n\n\n<div class=\"wp-block-uagb-image uagb-block-5155eb65 wp-block-uagb-image--layout-default wp-block-uagb-image--effect-static wp-block-uagb-image--align-none\"><figure class=\"wp-block-uagb-image__figure\"><img decoding=\"async\" srcset=\"https:\/\/dtuniversity.org.ve\/web\/wp-content\/uploads\/2025\/05\/20250520_1352_Lectura-Biblica-Colectiva_simple_compose_01jvqd4y12fr8vr0cyj23eh11f-683x1024.png ,https:\/\/dtuniversity.org.ve\/web\/wp-content\/uploads\/2025\/05\/20250520_1352_Lectura-Biblica-Colectiva_simple_compose_01jvqd4y12fr8vr0cyj23eh11f.png 780w, https:\/\/dtuniversity.org.ve\/web\/wp-content\/uploads\/2025\/05\/20250520_1352_Lectura-Biblica-Colectiva_simple_compose_01jvqd4y12fr8vr0cyj23eh11f.png 360w\" sizes=\"auto, (max-width: 480px) 150px\" src=\"https:\/\/dtuniversity.org.ve\/web\/wp-content\/uploads\/2025\/05\/20250520_1352_Lectura-Biblica-Colectiva_simple_compose_01jvqd4y12fr8vr0cyj23eh11f-683x1024.png\" alt=\"\" class=\"uag-image-1025\" width=\"400\" height=\"460\" title=\"20250520_1352_Lectura B\u00edblica Colectiva_simple_compose_01jvqd4y12fr8vr0cyj23eh11f\" loading=\"lazy\" role=\"img\"\/><\/figure><\/div>\n<\/div><\/div>\n\n\n\n<div class=\"wp-block-uagb-container uagb-layout-grid uagb-block-ec9486ee default uagb-is-root-container\">\n<div class=\"wp-block-uagb-image uagb-block-936d1125 wp-block-uagb-image--layout-default wp-block-uagb-image--effect-static wp-block-uagb-image--align-none\"><figure class=\"wp-block-uagb-image__figure\"><img decoding=\"async\" srcset=\"https:\/\/dtuniversity.org.ve\/web\/wp-content\/uploads\/2025\/08\/pexels-photo-2952871-2952871-1024x683.jpg ,https:\/\/dtuniversity.org.ve\/web\/wp-content\/uploads\/2025\/08\/pexels-photo-2952871-2952871-scaled.jpg 780w, https:\/\/dtuniversity.org.ve\/web\/wp-content\/uploads\/2025\/08\/pexels-photo-2952871-2952871-scaled.jpg 360w\" sizes=\"auto, (max-width: 480px) 150px\" src=\"https:\/\/dtuniversity.org.ve\/web\/wp-content\/uploads\/2025\/08\/pexels-photo-2952871-2952871-1024x683.jpg\" alt=\"Close-up view of library shelves filled with books, ideal for concepts of education and literature.\" class=\"uag-image-1147\" width=\"522\" height=\"440\" title=\"pexels-photo-2952871-2952871\" loading=\"lazy\" role=\"img\"\/><\/figure><\/div>\n\n\n\n<div class=\"wp-block-uagb-info-box uagb-block-5a2bc621 uagb-infobox__content-wrap  uagb-infobox-icon-above-title uagb-infobox-image-valign-top wp-block-uagb-info-box--has-margin\"><div class=\"uagb-infobox-margin-wrapper\"><div class=\"uagb-ifb-content\"><div class=\"uagb-ifb-title-wrap\"><span class=\"uagb-ifb-title-prefix\">Nuestra Trayectoria<\/span><h2 class=\"uagb-ifb-title\">La Historia de Dayspring Theological University<\/h2><\/div><p class=\"uagb-ifb-desc\">Desde su fundaci\u00f3n, Dayspring Theological University ha sido un pilar en la educaci\u00f3n teol\u00f3gica en Venezuela, comprometido a guiar y formar a aquellos que buscan comprender mejor la teolog\u00eda y aplicar sus principios en la vida diaria, beneficiando as\u00ed a sus comunidades.<\/p><\/div><\/div><\/div>\n<\/div>\n\n\n\n<div class=\"wp-block-uagb-container uagb-layout-grid uagb-block-d17d52f5 alignfull uagb-is-root-container\"><div class=\"uagb-container-inner-blocks-wrap\">\n<div class=\"wp-block-uagb-image uagb-block-f5c79397 wp-block-uagb-image--layout-default wp-block-uagb-image--effect-static wp-block-uagb-image--align-none uag-hide-mob\"><figure class=\"wp-block-uagb-image__figure\"><\/figure><\/div>\n\n\n\n<div class=\"wp-block-uagb-image uagb-block-7baf2f18 wp-block-uagb-image--layout-default wp-block-uagb-image--effect-static wp-block-uagb-image--align-none uag-hide-mob\"><figure class=\"wp-block-uagb-image__figure\"><\/figure><\/div>\n<\/div><\/div>\n","protected":false},"excerpt":{"rendered":"<p>Conocimiento Formaci\u00f3n Teol\u00f3gica para Nuestra Comunidad Qui\u00e9nes Somos Instituci\u00f3n de Liderazgo y Fe Cristiana Dayspring Theological University ha impactado positivamente [&hellip;]<\/p>\n","protected":false},"author":1,"featured_media":0,"parent":0,"menu_order":0,"comment_status":"closed","ping_status":"closed","template":"","meta":{"_uag_custom_page_level_css":"","site-sidebar-layout":"default","site-content-layout":"","ast-site-content-layout":"default","site-content-style":"default","site-sidebar-style":"default","ast-global-header-display":"","ast-banner-title-visibility":"","ast-main-header-display":"","ast-hfb-above-header-display":"","ast-hfb-below-header-display":"","ast-hfb-mobile-header-display":"","site-post-title":"disabled","ast-breadcrumbs-content":"","ast-featured-img":"","footer-sml-layout":"","ast-disable-related-posts":"","theme-transparent-header-meta":"enabled","adv-header-id-meta":"","stick-header-meta":"","header-above-stick-meta":"","header-main-stick-meta":"","header-below-stick-meta":"","astra-migrate-meta-layouts":"default","ast-page-background-enabled":"default","ast-page-background-meta":{"desktop":{"background-color":"var(--ast-global-color-4)","background-image":"","background-repeat":"repeat","background-position":"center center","background-size":"auto","background-attachment":"scroll","background-type":"","background-media":"","overlay-type":"","overlay-color":"","overlay-opacity":"","overlay-gradient":""},"tablet":{"background-color":"","background-image":"","background-repeat":"repeat","background-position":"center center","background-size":"auto","background-attachment":"scroll","background-type":"","background-media":"","overlay-type":"","overlay-color":"","overlay-opacity":"","overlay-gradient":""},"mobile":{"background-color":"","background-image":"","background-repeat":"repeat","background-position":"center center","background-size":"auto","background-attachment":"scroll","background-type":"","background-media":"","overlay-type":"","overlay-color":"","overlay-opacity":"","overlay-gradient":""}},"ast-content-background-meta":{"desktop":{"background-color":"var(--ast-global-color-5)","background-image":"","background-repeat":"repeat","background-position":"center center","background-size":"auto","background-attachment":"scroll","background-type":"","background-media":"","overlay-type":"","overlay-color":"","overlay-opacity":"","overlay-gradient":""},"tablet":{"background-color":"var(--ast-global-color-5)","background-image":"","background-repeat":"repeat","background-position":"center center","background-size":"auto","background-attachment":"scroll","background-type":"","background-media":"","overlay-type":"","overlay-color":"","overlay-opacity":"","overlay-gradient":""},"mobile":{"background-color":"var(--ast-global-color-5)","background-image":"","background-repeat":"repeat","background-position":"center center","background-size":"auto","background-attachment":"scroll","background-type":"","background-media":"","overlay-type":"","overlay-color":"","overlay-opacity":"","overlay-gradient":""}},"footnotes":""},"class_list":["post-562","page","type-page","status-publish","hentry"],"uagb_featured_image_src":{"full":false,"thumbnail":false,"medium":false,"medium_large":false,"large":false,"1536x1536":false,"2048x2048":false},"uagb_author_info":{"display_name":"admin","author_link":"https:\/\/dtuniversity.org.ve\/web\/author\/admin_chuecos\/"},"uagb_comment_info":0,"uagb_excerpt":"Conocimiento Formaci\u00f3n Teol\u00f3gica para Nuestra Comunidad Qui\u00e9nes Somos Instituci\u00f3n de Liderazgo y Fe Cristiana Dayspring Theological University ha impactado positivamente [&hellip;]","_links":{"self":[{"href":"https:\/\/dtuniversity.org.ve\/web\/wp-json\/wp\/v2\/pages\/562","targetHints":{"allow":["GET"]}}],"collection":[{"href":"https:\/\/dtuniversity.org.ve\/web\/wp-json\/wp\/v2\/pages"}],"about":[{"href":"https:\/\/dtuniversity.org.ve\/web\/wp-json\/wp\/v2\/types\/page"}],"author":[{"embeddable":true,"href":"https:\/\/dtuniversity.org.ve\/web\/wp-json\/wp\/v2\/users\/1"}],"replies":[{"embeddable":true,"href":"https:\/\/dtuniversity.org.ve\/web\/wp-json\/wp\/v2\/comments?post=562"}],"version-history":[{"count":8,"href":"https:\/\/dtuniversity.org.ve\/web\/wp-json\/wp\/v2\/pages\/562\/revisions"}],"predecessor-version":[{"id":1148,"href":"https:\/\/dtuniversity.org.ve\/web\/wp-json\/wp\/v2\/pages\/562\/revisions\/1148"}],"wp:attachment":[{"href":"https:\/\/dtuniversity.org.ve\/web\/wp-json\/wp\/v2\/media?parent=562"}],"curies":[{"name":"wp","href":"https:\/\/api.w.org\/{rel}","templated":true}]}}