{"id":563,"date":"2025-04-27T04:01:08","date_gmt":"2025-04-27T04:01:08","guid":{"rendered":"https:\/\/dtuniversity.org.ve\/web\/services\/"},"modified":"2025-08-31T19:35:31","modified_gmt":"2025-08-31T19:35:31","slug":"services","status":"publish","type":"page","link":"https:\/\/dtuniversity.org.ve\/web\/services\/","title":{"rendered":"Services"},"content":{"rendered":"\n<div class=\"wp-block-uagb-container uagb-layout-flex uagb-block-edf9ad47 alignfull uagb-is-root-container\"><div class=\"uagb-container-inner-blocks-wrap\">\n<div class=\"wp-block-uagb-advanced-heading uagb-block-022836bc\"><p class=\"uagb-desc-text\">Servicios<\/p><h1 class=\"uagb-heading-text\">Explora Nuestros Programas Teol\u00f3gicos<\/h1><\/div>\n<\/div><\/div>\n\n\n\n<div class=\"wp-block-uagb-container uagb-block-a9da1e25 alignfull uagb-is-root-container\"><div class=\"uagb-container-inner-blocks-wrap\">\n<div class=\"wp-block-uagb-container uagb-layout-grid uagb-block-ec9486ee default uagb-is-root-container\">\n<div class=\"wp-block-uagb-info-box uagb-block-5a2bc621 uagb-infobox__content-wrap  uagb-infobox-icon-above-title uagb-infobox-image-valign-top wp-block-uagb-info-box--has-margin\"><div class=\"uagb-infobox-margin-wrapper\"><div class=\"uagb-ifb-content\"><div class=\"uagb-ifb-title-wrap\"><span class=\"uagb-ifb-title-prefix\">01<\/span><h2 class=\"uagb-ifb-title\">Estudios Teol\u00f3gicos<\/h2><\/div><p class=\"uagb-ifb-desc\">Esta modalidad ofrece una exploraci\u00f3n profunda y sistem\u00e1tica de las disciplinas teol\u00f3gicas tradicionales, como la Biblia, la historia de la iglesia, la teolog\u00eda sistem\u00e1tica y la teolog\u00eda pr\u00e1ctica. Est\u00e1 dise\u00f1ada para aquellos que buscan una comprensi\u00f3n integral de la fe cristiana y su aplicaci\u00f3n en diversos contextos.<\/p><\/div><\/div><\/div>\n\n\n\n<div class=\"wp-block-uagb-image uagb-block-936d1125 wp-block-uagb-image--layout-default wp-block-uagb-image--effect-static wp-block-uagb-image--align-none\"><figure class=\"wp-block-uagb-image__figure\"><img decoding=\"async\" srcset=\"https:\/\/dtuniversity.org.ve\/web\/wp-content\/uploads\/2025\/08\/pexels-photo-2574616-2574616-767x1024.jpg ,https:\/\/dtuniversity.org.ve\/web\/wp-content\/uploads\/2025\/08\/pexels-photo-2574616-2574616-scaled.jpg 780w, https:\/\/dtuniversity.org.ve\/web\/wp-content\/uploads\/2025\/08\/pexels-photo-2574616-2574616-scaled.jpg 360w\" sizes=\"auto, (max-width: 480px) 150px\" src=\"https:\/\/dtuniversity.org.ve\/web\/wp-content\/uploads\/2025\/08\/pexels-photo-2574616-2574616-767x1024.jpg\" alt=\"Man deeply engaged in studying with a book and tablet at a desk\" class=\"uag-image-1150\" width=\"522\" height=\"440\" title=\"pexels-photo-2574616-2574616\" loading=\"lazy\" role=\"img\"\/><\/figure><\/div>\n<\/div>\n\n\n\n<div class=\"wp-block-uagb-container uagb-layout-grid uagb-block-932b0ea7 default uagb-is-root-container\">\n<div class=\"wp-block-uagb-image uagb-block-e214f383 wp-block-uagb-image--layout-default wp-block-uagb-image--effect-static wp-block-uagb-image--align-none\"><figure class=\"wp-block-uagb-image__figure\"><img decoding=\"async\" srcset=\"https:\/\/dtuniversity.org.ve\/web\/wp-content\/uploads\/2025\/05\/Diseno-sin-titulo-1-1024x1024.png ,https:\/\/dtuniversity.org.ve\/web\/wp-content\/uploads\/2025\/05\/Diseno-sin-titulo-1.png 780w, https:\/\/dtuniversity.org.ve\/web\/wp-content\/uploads\/2025\/05\/Diseno-sin-titulo-1.png 360w\" sizes=\"auto, (max-width: 480px) 150px\" src=\"https:\/\/dtuniversity.org.ve\/web\/wp-content\/uploads\/2025\/05\/Diseno-sin-titulo-1-1024x1024.png\" alt=\"\" class=\"uag-image-985\" width=\"522\" height=\"440\" title=\"Dise\u00f1o sin t\u00edtulo (1)\" loading=\"lazy\" role=\"img\"\/><\/figure><\/div>\n\n\n\n<div class=\"wp-block-uagb-info-box uagb-block-38856887 uagb-infobox__content-wrap  uagb-infobox-icon-above-title uagb-infobox-image-valign-top wp-block-uagb-info-box--has-margin\"><div class=\"uagb-infobox-margin-wrapper\"><div class=\"uagb-ifb-content\"><div class=\"uagb-ifb-title-wrap\"><span class=\"uagb-ifb-title-prefix\">02<\/span><h2 class=\"uagb-ifb-title\">Consejer\u00eda B\u00edblica<\/h2><\/div><p class=\"uagb-ifb-desc\">Este programa se enfoca en equipar a los estudiantes con los principios b\u00edblicos y las habilidades pr\u00e1cticas necesarias para ofrecer consejer\u00eda y apoyo espiritual a individuos y familias. Se centra en la aplicaci\u00f3n de la Palabra de Dios para abordar desaf\u00edos personales y relacionales.<\/p><\/div><\/div><\/div>\n<\/div>\n<\/div><\/div>\n\n\n\n<div class=\"wp-block-uagb-container uagb-layout-grid uagb-block-e5538613 default uagb-is-root-container\">\n<div class=\"wp-block-uagb-info-box uagb-block-21c0f6d0 uagb-infobox__content-wrap  uagb-infobox-icon-above-title uagb-infobox-image-valign-top wp-block-uagb-info-box--has-margin\"><div class=\"uagb-infobox-margin-wrapper\"><div class=\"uagb-ifb-content\"><div class=\"uagb-ifb-title-wrap\"><span class=\"uagb-ifb-title-prefix\">Pr\u00f3ximamente<\/span><h2 class=\"uagb-ifb-title\">Capellan\u00eda<\/h2><\/div><p class=\"uagb-ifb-desc\">Nuestra nueva <strong>Carrera de Capellan\u00eda<\/strong> te ofrecer\u00e1 una <strong>exploraci\u00f3n profunda y sistem\u00e1tica de las disciplinas teol\u00f3gicas tradicionales<\/strong>. Abordar\u00e1s \u00e1reas clave como la Biblia, la historia de la iglesia, la teolog\u00eda sistem\u00e1tica y la teolog\u00eda pr\u00e1ctica.<br><br>Este programa estar\u00e1 dise\u00f1ado para quienes buscan una <strong>comprensi\u00f3n s\u00f3lida de la fe cristiana y su aplicaci\u00f3n en diversos contextos de servicio<\/strong>. Si sientes el llamado a acompa\u00f1ar, guiar y servir espiritualmente, esta carrera te brindar\u00e1 las herramientas y el conocimiento necesarios.<\/p><\/div><\/div><\/div>\n\n\n\n<div class=\"wp-block-uagb-image uagb-block-d0e661a2 wp-block-uagb-image--layout-default wp-block-uagb-image--effect-static wp-block-uagb-image--align-none\"><figure class=\"wp-block-uagb-image__figure\"><img decoding=\"async\" srcset=\"https:\/\/dtuniversity.org.ve\/web\/wp-content\/uploads\/2025\/08\/pexels-photo-5206051-5206051-683x1024.jpg ,https:\/\/dtuniversity.org.ve\/web\/wp-content\/uploads\/2025\/08\/pexels-photo-5206051-5206051-scaled.jpg 780w, https:\/\/dtuniversity.org.ve\/web\/wp-content\/uploads\/2025\/08\/pexels-photo-5206051-5206051-scaled.jpg 360w\" sizes=\"auto, (max-width: 480px) 150px\" src=\"https:\/\/dtuniversity.org.ve\/web\/wp-content\/uploads\/2025\/08\/pexels-photo-5206051-5206051-683x1024.jpg\" alt=\"Person reading a Bible at a desk with a tablet and notebooks, emphasizing study and contemplation.\" class=\"uag-image-1154\" width=\"522\" height=\"440\" title=\"pexels-photo-5206051-5206051\" loading=\"lazy\" role=\"img\"\/><\/figure><\/div>\n<\/div>\n\n\n\n<p class=\"has-ast-global-color-5-color has-text-color has-link-color wp-elements-b2945611cbd2a9a7f44fc8f28077b385\">.<\/p>\n\n\n\n<div class=\"wp-block-uagb-container uagb-layout-grid uagb-block-d17d52f5 alignfull uagb-is-root-container\"><div class=\"uagb-container-inner-blocks-wrap\">\n<div class=\"wp-block-uagb-image uagb-block-f5c79397 wp-block-uagb-image--layout-default wp-block-uagb-image--effect-static wp-block-uagb-image--align-none uag-hide-mob\"><figure class=\"wp-block-uagb-image__figure\"><\/figure><\/div>\n\n\n\n<div class=\"wp-block-uagb-image uagb-block-7baf2f18 wp-block-uagb-image--layout-default wp-block-uagb-image--effect-static wp-block-uagb-image--align-none uag-hide-mob\"><figure class=\"wp-block-uagb-image__figure\"><\/figure><\/div>\n<\/div><\/div>\n","protected":false},"excerpt":{"rendered":"<p>Servicios Explora Nuestros Programas Teol\u00f3gicos .<\/p>\n","protected":false},"author":1,"featured_media":0,"parent":0,"menu_order":0,"comment_status":"closed","ping_status":"closed","template":"","meta":{"_uag_custom_page_level_css":"","site-sidebar-layout":"default","site-content-layout":"","ast-site-content-layout":"default","site-content-style":"default","site-sidebar-style":"default","ast-global-header-display":"","ast-banner-title-visibility":"","ast-main-header-display":"","ast-hfb-above-header-display":"","ast-hfb-below-header-display":"","ast-hfb-mobile-header-display":"","site-post-title":"disabled","ast-breadcrumbs-content":"","ast-featured-img":"","footer-sml-layout":"","ast-disable-related-posts":"","theme-transparent-header-meta":"enabled","adv-header-id-meta":"","stick-header-meta":"","header-above-stick-meta":"","header-main-stick-meta":"","header-below-stick-meta":"","astra-migrate-meta-layouts":"default","ast-page-background-enabled":"default","ast-page-background-meta":{"desktop":{"background-color":"var(--ast-global-color-4)","background-image":"","background-repeat":"repeat","background-position":"center center","background-size":"auto","background-attachment":"scroll","background-type":"","background-media":"","overlay-type":"","overlay-color":"","overlay-opacity":"","overlay-gradient":""},"tablet":{"background-color":"","background-image":"","background-repeat":"repeat","background-position":"center center","background-size":"auto","background-attachment":"scroll","background-type":"","background-media":"","overlay-type":"","overlay-color":"","overlay-opacity":"","overlay-gradient":""},"mobile":{"background-color":"","background-image":"","background-repeat":"repeat","background-position":"center center","background-size":"auto","background-attachment":"scroll","background-type":"","background-media":"","overlay-type":"","overlay-color":"","overlay-opacity":"","overlay-gradient":""}},"ast-content-background-meta":{"desktop":{"background-color":"var(--ast-global-color-5)","background-image":"","background-repeat":"repeat","background-position":"center center","background-size":"auto","background-attachment":"scroll","background-type":"","background-media":"","overlay-type":"","overlay-color":"","overlay-opacity":"","overlay-gradient":""},"tablet":{"background-color":"var(--ast-global-color-5)","background-image":"","background-repeat":"repeat","background-position":"center center","background-size":"auto","background-attachment":"scroll","background-type":"","background-media":"","overlay-type":"","overlay-color":"","overlay-opacity":"","overlay-gradient":""},"mobile":{"background-color":"var(--ast-global-color-5)","background-image":"","background-repeat":"repeat","background-position":"center center","background-size":"auto","background-attachment":"scroll","background-type":"","background-media":"","overlay-type":"","overlay-color":"","overlay-opacity":"","overlay-gradient":""}},"footnotes":""},"class_list":["post-563","page","type-page","status-publish","hentry"],"uagb_featured_image_src":{"full":false,"thumbnail":false,"medium":false,"medium_large":false,"large":false,"1536x1536":false,"2048x2048":false},"uagb_author_info":{"display_name":"admin","author_link":"https:\/\/dtuniversity.org.ve\/web\/author\/admin_chuecos\/"},"uagb_comment_info":0,"uagb_excerpt":"Servicios Explora Nuestros Programas Teol\u00f3gicos .","_links":{"self":[{"href":"https:\/\/dtuniversity.org.ve\/web\/wp-json\/wp\/v2\/pages\/563","targetHints":{"allow":["GET"]}}],"collection":[{"href":"https:\/\/dtuniversity.org.ve\/web\/wp-json\/wp\/v2\/pages"}],"about":[{"href":"https:\/\/dtuniversity.org.ve\/web\/wp-json\/wp\/v2\/types\/page"}],"author":[{"embeddable":true,"href":"https:\/\/dtuniversity.org.ve\/web\/wp-json\/wp\/v2\/users\/1"}],"replies":[{"embeddable":true,"href":"https:\/\/dtuniversity.org.ve\/web\/wp-json\/wp\/v2\/comments?post=563"}],"version-history":[{"count":12,"href":"https:\/\/dtuniversity.org.ve\/web\/wp-json\/wp\/v2\/pages\/563\/revisions"}],"predecessor-version":[{"id":1155,"href":"https:\/\/dtuniversity.org.ve\/web\/wp-json\/wp\/v2\/pages\/563\/revisions\/1155"}],"wp:attachment":[{"href":"https:\/\/dtuniversity.org.ve\/web\/wp-json\/wp\/v2\/media?parent=563"}],"curies":[{"name":"wp","href":"https:\/\/api.w.org\/{rel}","templated":true}]}}